{"id":15,"date":"2016-03-04T01:14:16","date_gmt":"2016-03-04T04:14:16","guid":{"rendered":"http:\/\/makingoffbloggers.com.br\/blog\/?page_id=15"},"modified":"2016-05-20T23:01:45","modified_gmt":"2016-05-21T02:01:45","slug":"quem-somos","status":"publish","type":"page","link":"http:\/\/makingoffbloggers.com.br\/blog\/quem-somos\/","title":{"rendered":"MOB"},"content":{"rendered":"<body><h2>Making Off Bloggers<\/h2>\n<p>O site Making Off Bloggers tem como objetivo mostrar os bastidores da realiza\u00e7\u00e3o de um evento de\/para blogueiras\/youtubers, bem como mostrar um pouquinho da vida dessas pessoas que vem exercendo grande influ\u00eancia midi\u00e1tica, apresentando ao p\u00fablico o trabalho que \u00e9 realizado, mas que ningu\u00e9m v\u00ea.<\/p>\n<p>O mundo blogger\/youtuber vem crescendo e mostrando seu poder de influenciadores de marketing, por\u00e9m um marketing mais sincero e pessoal do que o existente no trabalho realizado para a televis\u00e3o. O p\u00fablico tamb\u00e9m tem demonstrado grande interesse e curiosidade sobre o que acontece atr\u00e1s dos bastidores e sobre o que acontece na vida das blogueiras\/youtubers.<\/p>\n<p>Tendo em vista esse crescimento do marketing digital e da curiosidade do p\u00fablico, o site foi criado justamente para satisfazer essa curiosidade, para estar presente nos eventos realizados mostrando tudo o que acontece, as pessoas convidadas, as empresas participantes.<\/p>\n<h2>Objetivo do MOB<\/h2>\n<p>Somos um site voltado para o mundo blogger\/youtuber, cobrindo eventos e mostrando aquilo que ningu\u00e9m v\u00ea: o trabalho realizado para que todos saiam satisfeitos.<br>\nO nosso objetivo \u00e9 mostrar que at\u00e9 chegar ao resultado do produto a ser oferecido ao p\u00fablico, existe um trabalho intenso e \u00e0s vezes at\u00e9 exaustivo. Acreditamos que atrav\u00e9s dessa mostra de bastidores, o trabalho dos influenciadores digitais seja cada vez mais valorizado.<\/p>\n<p>Al\u00e9m disso, o p\u00fablico tamb\u00e9m tem uma certa curiosidade sobre como as coisas acontecem, como os eventos s\u00e3o preparados e organizados. Queremos saciar um pouquinho dessa curiosidade do p\u00fablico, mostrando o que acontece atr\u00e1s das cortinas.<\/p>\n<p>Contamos com uma equipe de um fot\u00f3grafo para registrar aquelas cenas que poucos observam, duas redatoras para registrar e observar todos os detalhes do evento, bem como colher opini\u00f5es dos participantes e organizadores.<\/p>\n<h1 class=\"entry-title\">Quem Somos<\/h1>\n<p>Equipe de profissionais diversificada;<\/p>\n<p>Fotografia e v\u00eddeo;<\/p>\n<p>Reda\u00e7\u00e3o;<\/p>\n<p>Dicas de Beleza e moda;<\/p>\n<p>Consultoria de eventos;<\/p>\n<p>Designer.<\/p>\n<\/body>","protected":false},"excerpt":{"rendered":"<p>Making Off Bloggers O site Making Off Bloggers tem como objetivo mostrar os bastidores da realiza\u00e7\u00e3o de um evento de\/para blogueiras\/youtubers, bem como mostrar um pouquinho da vida dessas pessoas que vem exercendo grande influ\u00eancia<a class=\"read-more\" href=\"http:\/\/makingoffbloggers.com.br\/blog\/quem-somos\/\">Continue Lendo<\/a><\/p>\n","protected":false},"author":1,"featured_media":0,"parent":0,"menu_order":0,"comment_status":"closed","ping_status":"closed","template":"","meta":{"_exactmetrics_skip_tracking":false,"_exactmetrics_sitenote_active":false,"_exactmetrics_sitenote_note":"","_exactmetrics_sitenote_category":0,"footnotes":""},"class_list":["post-15","page","type-page","status-publish","hentry"],"yoast_head":"<!-- This site is optimized with the Yoast SEO plugin v27.4 - https:\/\/yoast.com\/product\/yoast-seo-wordpress\/ -->\n<title>MOB -<\/title>\n<meta name=\"robots\" content=\"index, follow, max-snippet:-1, max-image-preview:large, max-video-preview:-1\" \/>\n<link rel=\"canonical\" href=\"http:\/\/makingoffbloggers.com.br\/blog\/quem-somos\/\" \/>\n<meta property=\"og:locale\" content=\"pt_BR\" \/>\n<meta property=\"og:type\" content=\"article\" \/>\n<meta property=\"og:title\" content=\"MOB -\" \/>\n<meta property=\"og:description\" content=\"Making Off Bloggers O site Making Off Bloggers tem como objetivo mostrar os bastidores da realiza\u00e7\u00e3o de um evento de\/para blogueiras\/youtubers, bem como mostrar um pouquinho da vida dessas pessoas que vem exercendo grande influ\u00eanciaContinue Lendo\" \/>\n<meta property=\"og:url\" content=\"http:\/\/makingoffbloggers.com.br\/blog\/quem-somos\/\" \/>\n<meta property=\"article:modified_time\" content=\"2016-05-21T02:01:45+00:00\" \/>\n<meta name=\"twitter:card\" content=\"summary_large_image\" \/>\n<meta name=\"twitter:label1\" content=\"Est. tempo de leitura\" \/>\n\t<meta name=\"twitter:data1\" content=\"2 minutos\" \/>\n<script type=\"application\/ld+json\" class=\"yoast-schema-graph\">{\"@context\":\"https:\\\/\\\/schema.org\",\"@graph\":[{\"@type\":\"WebPage\",\"@id\":\"http:\\\/\\\/makingoffbloggers.com.br\\\/blog\\\/quem-somos\\\/\",\"url\":\"http:\\\/\\\/makingoffbloggers.com.br\\\/blog\\\/quem-somos\\\/\",\"name\":\"MOB -\",\"isPartOf\":{\"@id\":\"http:\\\/\\\/makingoffbloggers.com.br\\\/blog\\\/#website\"},\"datePublished\":\"2016-03-04T04:14:16+00:00\",\"dateModified\":\"2016-05-21T02:01:45+00:00\",\"breadcrumb\":{\"@id\":\"http:\\\/\\\/makingoffbloggers.com.br\\\/blog\\\/quem-somos\\\/#breadcrumb\"},\"inLanguage\":\"pt-BR\",\"potentialAction\":[{\"@type\":\"ReadAction\",\"target\":[\"http:\\\/\\\/makingoffbloggers.com.br\\\/blog\\\/quem-somos\\\/\"]}]},{\"@type\":\"BreadcrumbList\",\"@id\":\"http:\\\/\\\/makingoffbloggers.com.br\\\/blog\\\/quem-somos\\\/#breadcrumb\",\"itemListElement\":[{\"@type\":\"ListItem\",\"position\":1,\"name\":\"In\u00edcio\",\"item\":\"http:\\\/\\\/makingoffbloggers.com.br\\\/blog\\\/\"},{\"@type\":\"ListItem\",\"position\":2,\"name\":\"MOB\"}]},{\"@type\":\"WebSite\",\"@id\":\"http:\\\/\\\/makingoffbloggers.com.br\\\/blog\\\/#website\",\"url\":\"http:\\\/\\\/makingoffbloggers.com.br\\\/blog\\\/\",\"name\":\"\",\"description\":\"Bloggers and Youtubers\",\"potentialAction\":[{\"@type\":\"SearchAction\",\"target\":{\"@type\":\"EntryPoint\",\"urlTemplate\":\"http:\\\/\\\/makingoffbloggers.com.br\\\/blog\\\/?s={search_term_string}\"},\"query-input\":{\"@type\":\"PropertyValueSpecification\",\"valueRequired\":true,\"valueName\":\"search_term_string\"}}],\"inLanguage\":\"pt-BR\"}]}<\/script>\n<!-- \/ Yoast SEO plugin. -->","yoast_head_json":{"title":"MOB -","robots":{"index":"index","follow":"follow","max-snippet":"max-snippet:-1","max-image-preview":"max-image-preview:large","max-video-preview":"max-video-preview:-1"},"canonical":"http:\/\/makingoffbloggers.com.br\/blog\/quem-somos\/","og_locale":"pt_BR","og_type":"article","og_title":"MOB -","og_description":"Making Off Bloggers O site Making Off Bloggers tem como objetivo mostrar os bastidores da realiza\u00e7\u00e3o de um evento de\/para blogueiras\/youtubers, bem como mostrar um pouquinho da vida dessas pessoas que vem exercendo grande influ\u00eanciaContinue Lendo","og_url":"http:\/\/makingoffbloggers.com.br\/blog\/quem-somos\/","article_modified_time":"2016-05-21T02:01:45+00:00","twitter_card":"summary_large_image","twitter_misc":{"Est. tempo de leitura":"2 minutos"},"schema":{"@context":"https:\/\/schema.org","@graph":[{"@type":"WebPage","@id":"http:\/\/makingoffbloggers.com.br\/blog\/quem-somos\/","url":"http:\/\/makingoffbloggers.com.br\/blog\/quem-somos\/","name":"MOB -","isPartOf":{"@id":"http:\/\/makingoffbloggers.com.br\/blog\/#website"},"datePublished":"2016-03-04T04:14:16+00:00","dateModified":"2016-05-21T02:01:45+00:00","breadcrumb":{"@id":"http:\/\/makingoffbloggers.com.br\/blog\/quem-somos\/#breadcrumb"},"inLanguage":"pt-BR","potentialAction":[{"@type":"ReadAction","target":["http:\/\/makingoffbloggers.com.br\/blog\/quem-somos\/"]}]},{"@type":"BreadcrumbList","@id":"http:\/\/makingoffbloggers.com.br\/blog\/quem-somos\/#breadcrumb","itemListElement":[{"@type":"ListItem","position":1,"name":"In\u00edcio","item":"http:\/\/makingoffbloggers.com.br\/blog\/"},{"@type":"ListItem","position":2,"name":"MOB"}]},{"@type":"WebSite","@id":"http:\/\/makingoffbloggers.com.br\/blog\/#website","url":"http:\/\/makingoffbloggers.com.br\/blog\/","name":"","description":"Bloggers and Youtubers","potentialAction":[{"@type":"SearchAction","target":{"@type":"EntryPoint","urlTemplate":"http:\/\/makingoffbloggers.com.br\/blog\/?s={search_term_string}"},"query-input":{"@type":"PropertyValueSpecification","valueRequired":true,"valueName":"search_term_string"}}],"inLanguage":"pt-BR"}]}},"jetpack_sharing_enabled":true,"_links":{"self":[{"href":"http:\/\/makingoffbloggers.com.br\/blog\/wp-json\/wp\/v2\/pages\/15","targetHints":{"allow":["GET"]}}],"collection":[{"href":"http:\/\/makingoffbloggers.com.br\/blog\/wp-json\/wp\/v2\/pages"}],"about":[{"href":"http:\/\/makingoffbloggers.com.br\/blog\/wp-json\/wp\/v2\/types\/page"}],"author":[{"embeddable":true,"href":"http:\/\/makingoffbloggers.com.br\/blog\/wp-json\/wp\/v2\/users\/1"}],"replies":[{"embeddable":true,"href":"http:\/\/makingoffbloggers.com.br\/blog\/wp-json\/wp\/v2\/comments?post=15"}],"version-history":[{"count":1,"href":"http:\/\/makingoffbloggers.com.br\/blog\/wp-json\/wp\/v2\/pages\/15\/revisions"}],"predecessor-version":[{"id":56,"href":"http:\/\/makingoffbloggers.com.br\/blog\/wp-json\/wp\/v2\/pages\/15\/revisions\/56"}],"wp:attachment":[{"href":"http:\/\/makingoffbloggers.com.br\/blog\/wp-json\/wp\/v2\/media?parent=15"}],"curies":[{"name":"wp","href":"https:\/\/api.w.org\/{rel}","templated":true}]}}