{"id":32,"date":"2016-03-15T21:09:00","date_gmt":"2016-03-16T00:09:00","guid":{"rendered":"http:\/\/makingoffbloggers.com.br\/blog\/?page_id=32"},"modified":"2016-05-20T23:03:35","modified_gmt":"2016-05-21T02:03:35","slug":"servicos","status":"publish","type":"page","link":"http:\/\/makingoffbloggers.com.br\/blog\/servicos\/","title":{"rendered":"Servi\u00e7os"},"content":{"rendered":"<body><p>Entrevistas.<\/p>\n<p>Fotos e V\u00eddeo.<\/p>\n<p>Informativo on-line do calend\u00e1rio de eventos relacionados a blogs e youtube.<\/p>\n<p>Eventos exclusivos.<\/p>\n<p>Layout e identidade visual para blogs.<\/p>\n<p>Consultoria.<\/p>\n<\/body>","protected":false},"excerpt":{"rendered":"<p>Entrevistas. Fotos e V\u00eddeo. Informativo on-line do calend\u00e1rio de eventos relacionados a blogs e youtube. Eventos exclusivos. Layout e identidade visual para blogs. Consultoria.<\/p>\n","protected":false},"author":1,"featured_media":0,"parent":0,"menu_order":0,"comment_status":"closed","ping_status":"closed","template":"","meta":{"_exactmetrics_skip_tracking":false,"_exactmetrics_sitenote_active":false,"_exactmetrics_sitenote_note":"","_exactmetrics_sitenote_category":0,"footnotes":""},"class_list":["post-32","page","type-page","status-publish","hentry"],"yoast_head":"<!-- This site is optimized with the Yoast SEO plugin v27.4 - https:\/\/yoast.com\/product\/yoast-seo-wordpress\/ -->\n<title>Servi\u00e7os -<\/title>\n<meta name=\"robots\" content=\"index, follow, max-snippet:-1, max-image-preview:large, max-video-preview:-1\" \/>\n<link rel=\"canonical\" href=\"http:\/\/makingoffbloggers.com.br\/blog\/servicos\/\" \/>\n<meta property=\"og:locale\" content=\"pt_BR\" \/>\n<meta property=\"og:type\" content=\"article\" \/>\n<meta property=\"og:title\" content=\"Servi\u00e7os -\" \/>\n<meta property=\"og:description\" content=\"Entrevistas. Fotos e V\u00eddeo. Informativo on-line do calend\u00e1rio de eventos relacionados a blogs e youtube. Eventos exclusivos. Layout e identidade visual para blogs. Consultoria.\" \/>\n<meta property=\"og:url\" content=\"http:\/\/makingoffbloggers.com.br\/blog\/servicos\/\" \/>\n<meta property=\"article:modified_time\" content=\"2016-05-21T02:03:35+00:00\" \/>\n<meta name=\"twitter:card\" content=\"summary_large_image\" \/>\n<script type=\"application\/ld+json\" class=\"yoast-schema-graph\">{\"@context\":\"https:\\\/\\\/schema.org\",\"@graph\":[{\"@type\":\"WebPage\",\"@id\":\"http:\\\/\\\/makingoffbloggers.com.br\\\/blog\\\/servicos\\\/\",\"url\":\"http:\\\/\\\/makingoffbloggers.com.br\\\/blog\\\/servicos\\\/\",\"name\":\"Servi\u00e7os -\",\"isPartOf\":{\"@id\":\"http:\\\/\\\/makingoffbloggers.com.br\\\/blog\\\/#website\"},\"datePublished\":\"2016-03-16T00:09:00+00:00\",\"dateModified\":\"2016-05-21T02:03:35+00:00\",\"breadcrumb\":{\"@id\":\"http:\\\/\\\/makingoffbloggers.com.br\\\/blog\\\/servicos\\\/#breadcrumb\"},\"inLanguage\":\"pt-BR\",\"potentialAction\":[{\"@type\":\"ReadAction\",\"target\":[\"http:\\\/\\\/makingoffbloggers.com.br\\\/blog\\\/servicos\\\/\"]}]},{\"@type\":\"BreadcrumbList\",\"@id\":\"http:\\\/\\\/makingoffbloggers.com.br\\\/blog\\\/servicos\\\/#breadcrumb\",\"itemListElement\":[{\"@type\":\"ListItem\",\"position\":1,\"name\":\"In\u00edcio\",\"item\":\"http:\\\/\\\/makingoffbloggers.com.br\\\/blog\\\/\"},{\"@type\":\"ListItem\",\"position\":2,\"name\":\"Servi\u00e7os\"}]},{\"@type\":\"WebSite\",\"@id\":\"http:\\\/\\\/makingoffbloggers.com.br\\\/blog\\\/#website\",\"url\":\"http:\\\/\\\/makingoffbloggers.com.br\\\/blog\\\/\",\"name\":\"\",\"description\":\"Bloggers and Youtubers\",\"potentialAction\":[{\"@type\":\"SearchAction\",\"target\":{\"@type\":\"EntryPoint\",\"urlTemplate\":\"http:\\\/\\\/makingoffbloggers.com.br\\\/blog\\\/?s={search_term_string}\"},\"query-input\":{\"@type\":\"PropertyValueSpecification\",\"valueRequired\":true,\"valueName\":\"search_term_string\"}}],\"inLanguage\":\"pt-BR\"}]}<\/script>\n<!-- \/ Yoast SEO plugin. -->","yoast_head_json":{"title":"Servi\u00e7os -","robots":{"index":"index","follow":"follow","max-snippet":"max-snippet:-1","max-image-preview":"max-image-preview:large","max-video-preview":"max-video-preview:-1"},"canonical":"http:\/\/makingoffbloggers.com.br\/blog\/servicos\/","og_locale":"pt_BR","og_type":"article","og_title":"Servi\u00e7os -","og_description":"Entrevistas. Fotos e V\u00eddeo. Informativo on-line do calend\u00e1rio de eventos relacionados a blogs e youtube. Eventos exclusivos. Layout e identidade visual para blogs. Consultoria.","og_url":"http:\/\/makingoffbloggers.com.br\/blog\/servicos\/","article_modified_time":"2016-05-21T02:03:35+00:00","twitter_card":"summary_large_image","schema":{"@context":"https:\/\/schema.org","@graph":[{"@type":"WebPage","@id":"http:\/\/makingoffbloggers.com.br\/blog\/servicos\/","url":"http:\/\/makingoffbloggers.com.br\/blog\/servicos\/","name":"Servi\u00e7os -","isPartOf":{"@id":"http:\/\/makingoffbloggers.com.br\/blog\/#website"},"datePublished":"2016-03-16T00:09:00+00:00","dateModified":"2016-05-21T02:03:35+00:00","breadcrumb":{"@id":"http:\/\/makingoffbloggers.com.br\/blog\/servicos\/#breadcrumb"},"inLanguage":"pt-BR","potentialAction":[{"@type":"ReadAction","target":["http:\/\/makingoffbloggers.com.br\/blog\/servicos\/"]}]},{"@type":"BreadcrumbList","@id":"http:\/\/makingoffbloggers.com.br\/blog\/servicos\/#breadcrumb","itemListElement":[{"@type":"ListItem","position":1,"name":"In\u00edcio","item":"http:\/\/makingoffbloggers.com.br\/blog\/"},{"@type":"ListItem","position":2,"name":"Servi\u00e7os"}]},{"@type":"WebSite","@id":"http:\/\/makingoffbloggers.com.br\/blog\/#website","url":"http:\/\/makingoffbloggers.com.br\/blog\/","name":"","description":"Bloggers and Youtubers","potentialAction":[{"@type":"SearchAction","target":{"@type":"EntryPoint","urlTemplate":"http:\/\/makingoffbloggers.com.br\/blog\/?s={search_term_string}"},"query-input":{"@type":"PropertyValueSpecification","valueRequired":true,"valueName":"search_term_string"}}],"inLanguage":"pt-BR"}]}},"jetpack_sharing_enabled":true,"_links":{"self":[{"href":"http:\/\/makingoffbloggers.com.br\/blog\/wp-json\/wp\/v2\/pages\/32","targetHints":{"allow":["GET"]}}],"collection":[{"href":"http:\/\/makingoffbloggers.com.br\/blog\/wp-json\/wp\/v2\/pages"}],"about":[{"href":"http:\/\/makingoffbloggers.com.br\/blog\/wp-json\/wp\/v2\/types\/page"}],"author":[{"embeddable":true,"href":"http:\/\/makingoffbloggers.com.br\/blog\/wp-json\/wp\/v2\/users\/1"}],"replies":[{"embeddable":true,"href":"http:\/\/makingoffbloggers.com.br\/blog\/wp-json\/wp\/v2\/comments?post=32"}],"version-history":[{"count":1,"href":"http:\/\/makingoffbloggers.com.br\/blog\/wp-json\/wp\/v2\/pages\/32\/revisions"}],"predecessor-version":[{"id":57,"href":"http:\/\/makingoffbloggers.com.br\/blog\/wp-json\/wp\/v2\/pages\/32\/revisions\/57"}],"wp:attachment":[{"href":"http:\/\/makingoffbloggers.com.br\/blog\/wp-json\/wp\/v2\/media?parent=32"}],"curies":[{"name":"wp","href":"https:\/\/api.w.org\/{rel}","templated":true}]}}