{"id":3952,"date":"2019-11-12T13:56:02","date_gmt":"2019-11-12T16:56:02","guid":{"rendered":"http:\/\/makingoffbloggers.com.br\/blog\/?page_id=3952"},"modified":"2019-11-12T13:56:06","modified_gmt":"2019-11-12T16:56:06","slug":"politica-de-privacidade","status":"publish","type":"page","link":"http:\/\/makingoffbloggers.com.br\/blog\/politica-de-privacidade\/","title":{"rendered":"Pol\u00edtica de privacidade"},"content":{"rendered":"<body>\n<h2 class=\"wp-block-heading\">Pol\u00edtica de privacidade para\u00a0<a href=\"http:\/\/makingoffbloggers.com.br\/\" target=\"_blank\" rel=\"noreferrer noopener\" aria-label=\" (opens in a new tab)\">Making Off Bloggers<\/a><\/h2>\n\n\n\n<p>Todas\nas suas informa\u00e7\u00f5es pessoais recolhidas, ser\u00e3o usadas para o ajudar a tornar a\nsua visita no nosso site o mais produtiva e agrad\u00e1vel poss\u00edvel.<\/p>\n\n\n\n<p>A\ngarantia da confidencialidade dos dados pessoais dos utilizadores do nosso site\n\u00e9 importante para o Making Off Bloggers.<\/p>\n\n\n\n<p>Todas\nas informa\u00e7\u00f5es pessoais relativas a membros, assinantes, clientes ou visitantes\nque usem o Making Off Bloggers ser\u00e3o tratadas em concord\u00e2ncia com a Lei da\nProte\u00e7\u00e3o de Dados Pessoais de 26 de outubro de 1998 (Lei n.\u00ba 67\/98).<\/p>\n\n\n\n<p>A\ninforma\u00e7\u00e3o pessoal recolhida pode incluir o seu nome, e-mail, n\u00famero de\ntelefone e\/ou telem\u00f3vel, morada, data de nascimento e\/ou outros.<\/p>\n\n\n\n<p>O uso do Making Off Bloggers pressup\u00f5e a aceita\u00e7\u00e3o deste\u00a0Acordo de privacidade. A equipa do Making Off Bloggers reserva-se ao direito de alterar este acordo sem aviso pr\u00e9vio. Deste modo, recomendamos que consulte a nossa pol\u00edtica de privacidade com regularidade de forma a estar sempre atualizado.<\/p>\n\n\n\n<h2 class=\"wp-block-heading\">Os an\u00fancios<\/h2>\n\n\n\n<p>Tal\ncomo outros websites, coletamos e utilizamos informa\u00e7\u00e3o contida nos an\u00fancios. A\ninforma\u00e7\u00e3o contida nos an\u00fancios, inclui o seu endere\u00e7o IP (Internet Protocol),\no seu ISP (Internet Service Provider, como o Sapo, Clix, ou outro), o browser\nque utilizou ao visitar o nosso website (como o Internet Explorer ou o\nFirefox), o tempo da sua visita e que p\u00e1ginas visitou dentro do nosso website.<\/p>\n\n\n\n<h2 class=\"wp-block-heading\">Cookie DoubleClick Dart<\/h2>\n\n\n\n<p>O\nGoogle, como fornecedor de terceiros, utiliza cookies para exibir an\u00fancios no\nnosso website;<\/p>\n\n\n\n<p>Com\no cookie DART, o Google pode exibir an\u00fancios com base nas visitas que o leitor\nfez a outros websites na Internet;<\/p>\n\n\n\n<p>Os\nutilizadores podem desativar o cookie DART visitando a Pol\u00edtica de privacidade\nda rede de conte\u00fado e dos an\u00fancios do Google.<\/p>\n\n\n\n<h2 class=\"wp-block-heading\">Os Cookies e Web Beacons<\/h2>\n\n\n\n<p>Utilizamos\ncookies para armazenar informa\u00e7\u00e3o, tais como as suas prefer\u00eancias pessoas\nquando visita o nosso website. Isto poder\u00e1 incluir um simples popup, ou uma\nliga\u00e7\u00e3o em v\u00e1rios servi\u00e7os que providenciamos, tais como f\u00f3runs.<\/p>\n\n\n\n<p>Em\nadi\u00e7\u00e3o tamb\u00e9m utilizamos publicidade de terceiros no nosso website para\nsuportar os custos de manuten\u00e7\u00e3o. Alguns destes publicit\u00e1rios, poder\u00e3o utilizar\ntecnologias como os cookies e\/ou web beacons quando publicitam no nosso website,\no que far\u00e1 com que esses publicit\u00e1rios (como o Google atrav\u00e9s do Google\nAdSense) tamb\u00e9m recebam a sua informa\u00e7\u00e3o pessoal, como o endere\u00e7o IP, o seu\nISP, o seu browser, etc. Esta fun\u00e7\u00e3o \u00e9 geralmente utilizada para geotargeting\n(mostrar publicidade de Lisboa apenas aos leitores oriundos de Lisboa por ex.)\nou apresentar publicidade direcionada a um tipo de utilizador (como mostrar\npublicidade de restaurante a um utilizador que visita sites de culin\u00e1ria\nregularmente, por ex.).<\/p>\n\n\n\n<p>Voc\u00ea\ndet\u00e9m o poder de desligar os seus cookies, nas op\u00e7\u00f5es do seu browser, ou\nefetuando altera\u00e7\u00f5es nas ferramentas de programas Anti-Virus, como o Norton\nInternet Security. No entanto, isso poder\u00e1 alterar a forma como interage com o\nnosso website, ou outros websites. Isso poder\u00e1 afetar ou n\u00e3o permitir que fa\u00e7a\nlogins em programas, sites ou f\u00f3runs da nossa e de outras redes.<\/p>\n\n\n\n<h2 class=\"wp-block-heading\">Liga\u00e7\u00f5es a Sites de terceiros<\/h2>\n\n\n\n<p>O\nMaking Off Bloggers possui liga\u00e7\u00f5es para outros sites, os quais, a nosso ver,\npodem conter informa\u00e7\u00f5es \/ ferramentas \u00fateis para os nossos visitantes. A nossa\npol\u00edtica de privacidade n\u00e3o \u00e9 aplicada a sites de terceiros, pelo que, caso\nvisite outro site a partir do nosso dever\u00e1 ler a politica de privacidade do\nmesmo.\n\nN\u00e3o\nnos responsabilizamos pela pol\u00edtica de privacidade ou conte\u00fado presente nesses\nmesmos sites.\n\n\n\n<\/p>\n<\/body>","protected":false},"excerpt":{"rendered":"<p>Pol\u00edtica de privacidade para\u00a0Making Off Bloggers Todas as suas informa\u00e7\u00f5es pessoais recolhidas, ser\u00e3o usadas para o ajudar a tornar a sua visita no nosso site o mais produtiva e agrad\u00e1vel poss\u00edvel. A garantia da confidencialidade<a class=\"read-more\" href=\"http:\/\/makingoffbloggers.com.br\/blog\/politica-de-privacidade\/\">Continue Lendo<\/a><\/p>\n","protected":false},"author":1,"featured_media":0,"parent":0,"menu_order":0,"comment_status":"closed","ping_status":"closed","template":"","meta":{"_exactmetrics_skip_tracking":false,"_exactmetrics_sitenote_active":false,"_exactmetrics_sitenote_note":"","_exactmetrics_sitenote_category":0,"footnotes":""},"class_list":["post-3952","page","type-page","status-publish","hentry"],"yoast_head":"<!-- This site is optimized with the Yoast SEO plugin v27.4 - https:\/\/yoast.com\/product\/yoast-seo-wordpress\/ -->\n<title>Pol\u00edtica de privacidade -<\/title>\n<meta name=\"robots\" content=\"index, follow, max-snippet:-1, max-image-preview:large, max-video-preview:-1\" \/>\n<link rel=\"canonical\" href=\"http:\/\/makingoffbloggers.com.br\/blog\/politica-de-privacidade\/\" \/>\n<meta property=\"og:locale\" content=\"pt_BR\" \/>\n<meta property=\"og:type\" content=\"article\" \/>\n<meta property=\"og:title\" content=\"Pol\u00edtica de privacidade -\" \/>\n<meta property=\"og:description\" content=\"Pol\u00edtica de privacidade para\u00a0Making Off Bloggers Todas as suas informa\u00e7\u00f5es pessoais recolhidas, ser\u00e3o usadas para o ajudar a tornar a sua visita no nosso site o mais produtiva e agrad\u00e1vel poss\u00edvel. A garantia da confidencialidadeContinue Lendo\" \/>\n<meta property=\"og:url\" content=\"http:\/\/makingoffbloggers.com.br\/blog\/politica-de-privacidade\/\" \/>\n<meta property=\"article:modified_time\" content=\"2019-11-12T16:56:06+00:00\" \/>\n<meta name=\"twitter:card\" content=\"summary_large_image\" \/>\n<meta name=\"twitter:label1\" content=\"Est. tempo de leitura\" \/>\n\t<meta name=\"twitter:data1\" content=\"3 minutos\" \/>\n<script type=\"application\/ld+json\" class=\"yoast-schema-graph\">{\"@context\":\"https:\\\/\\\/schema.org\",\"@graph\":[{\"@type\":\"WebPage\",\"@id\":\"http:\\\/\\\/makingoffbloggers.com.br\\\/blog\\\/politica-de-privacidade\\\/\",\"url\":\"http:\\\/\\\/makingoffbloggers.com.br\\\/blog\\\/politica-de-privacidade\\\/\",\"name\":\"Pol\u00edtica de privacidade -\",\"isPartOf\":{\"@id\":\"http:\\\/\\\/makingoffbloggers.com.br\\\/blog\\\/#website\"},\"datePublished\":\"2019-11-12T16:56:02+00:00\",\"dateModified\":\"2019-11-12T16:56:06+00:00\",\"breadcrumb\":{\"@id\":\"http:\\\/\\\/makingoffbloggers.com.br\\\/blog\\\/politica-de-privacidade\\\/#breadcrumb\"},\"inLanguage\":\"pt-BR\",\"potentialAction\":[{\"@type\":\"ReadAction\",\"target\":[\"http:\\\/\\\/makingoffbloggers.com.br\\\/blog\\\/politica-de-privacidade\\\/\"]}]},{\"@type\":\"BreadcrumbList\",\"@id\":\"http:\\\/\\\/makingoffbloggers.com.br\\\/blog\\\/politica-de-privacidade\\\/#breadcrumb\",\"itemListElement\":[{\"@type\":\"ListItem\",\"position\":1,\"name\":\"In\u00edcio\",\"item\":\"http:\\\/\\\/makingoffbloggers.com.br\\\/blog\\\/\"},{\"@type\":\"ListItem\",\"position\":2,\"name\":\"Pol\u00edtica de privacidade\"}]},{\"@type\":\"WebSite\",\"@id\":\"http:\\\/\\\/makingoffbloggers.com.br\\\/blog\\\/#website\",\"url\":\"http:\\\/\\\/makingoffbloggers.com.br\\\/blog\\\/\",\"name\":\"\",\"description\":\"Bloggers and Youtubers\",\"potentialAction\":[{\"@type\":\"SearchAction\",\"target\":{\"@type\":\"EntryPoint\",\"urlTemplate\":\"http:\\\/\\\/makingoffbloggers.com.br\\\/blog\\\/?s={search_term_string}\"},\"query-input\":{\"@type\":\"PropertyValueSpecification\",\"valueRequired\":true,\"valueName\":\"search_term_string\"}}],\"inLanguage\":\"pt-BR\"}]}<\/script>\n<!-- \/ Yoast SEO plugin. -->","yoast_head_json":{"title":"Pol\u00edtica de privacidade -","robots":{"index":"index","follow":"follow","max-snippet":"max-snippet:-1","max-image-preview":"max-image-preview:large","max-video-preview":"max-video-preview:-1"},"canonical":"http:\/\/makingoffbloggers.com.br\/blog\/politica-de-privacidade\/","og_locale":"pt_BR","og_type":"article","og_title":"Pol\u00edtica de privacidade -","og_description":"Pol\u00edtica de privacidade para\u00a0Making Off Bloggers Todas as suas informa\u00e7\u00f5es pessoais recolhidas, ser\u00e3o usadas para o ajudar a tornar a sua visita no nosso site o mais produtiva e agrad\u00e1vel poss\u00edvel. A garantia da confidencialidadeContinue Lendo","og_url":"http:\/\/makingoffbloggers.com.br\/blog\/politica-de-privacidade\/","article_modified_time":"2019-11-12T16:56:06+00:00","twitter_card":"summary_large_image","twitter_misc":{"Est. tempo de leitura":"3 minutos"},"schema":{"@context":"https:\/\/schema.org","@graph":[{"@type":"WebPage","@id":"http:\/\/makingoffbloggers.com.br\/blog\/politica-de-privacidade\/","url":"http:\/\/makingoffbloggers.com.br\/blog\/politica-de-privacidade\/","name":"Pol\u00edtica de privacidade -","isPartOf":{"@id":"http:\/\/makingoffbloggers.com.br\/blog\/#website"},"datePublished":"2019-11-12T16:56:02+00:00","dateModified":"2019-11-12T16:56:06+00:00","breadcrumb":{"@id":"http:\/\/makingoffbloggers.com.br\/blog\/politica-de-privacidade\/#breadcrumb"},"inLanguage":"pt-BR","potentialAction":[{"@type":"ReadAction","target":["http:\/\/makingoffbloggers.com.br\/blog\/politica-de-privacidade\/"]}]},{"@type":"BreadcrumbList","@id":"http:\/\/makingoffbloggers.com.br\/blog\/politica-de-privacidade\/#breadcrumb","itemListElement":[{"@type":"ListItem","position":1,"name":"In\u00edcio","item":"http:\/\/makingoffbloggers.com.br\/blog\/"},{"@type":"ListItem","position":2,"name":"Pol\u00edtica de privacidade"}]},{"@type":"WebSite","@id":"http:\/\/makingoffbloggers.com.br\/blog\/#website","url":"http:\/\/makingoffbloggers.com.br\/blog\/","name":"","description":"Bloggers and Youtubers","potentialAction":[{"@type":"SearchAction","target":{"@type":"EntryPoint","urlTemplate":"http:\/\/makingoffbloggers.com.br\/blog\/?s={search_term_string}"},"query-input":{"@type":"PropertyValueSpecification","valueRequired":true,"valueName":"search_term_string"}}],"inLanguage":"pt-BR"}]}},"jetpack_sharing_enabled":true,"_links":{"self":[{"href":"http:\/\/makingoffbloggers.com.br\/blog\/wp-json\/wp\/v2\/pages\/3952","targetHints":{"allow":["GET"]}}],"collection":[{"href":"http:\/\/makingoffbloggers.com.br\/blog\/wp-json\/wp\/v2\/pages"}],"about":[{"href":"http:\/\/makingoffbloggers.com.br\/blog\/wp-json\/wp\/v2\/types\/page"}],"author":[{"embeddable":true,"href":"http:\/\/makingoffbloggers.com.br\/blog\/wp-json\/wp\/v2\/users\/1"}],"replies":[{"embeddable":true,"href":"http:\/\/makingoffbloggers.com.br\/blog\/wp-json\/wp\/v2\/comments?post=3952"}],"version-history":[{"count":1,"href":"http:\/\/makingoffbloggers.com.br\/blog\/wp-json\/wp\/v2\/pages\/3952\/revisions"}],"predecessor-version":[{"id":3953,"href":"http:\/\/makingoffbloggers.com.br\/blog\/wp-json\/wp\/v2\/pages\/3952\/revisions\/3953"}],"wp:attachment":[{"href":"http:\/\/makingoffbloggers.com.br\/blog\/wp-json\/wp\/v2\/media?parent=3952"}],"curies":[{"name":"wp","href":"https:\/\/api.w.org\/{rel}","templated":true}]}}